{"id":344,"date":"2023-04-21T12:51:26","date_gmt":"2023-04-21T12:51:26","guid":{"rendered":"https:\/\/digitaloxygen.ro\/?page_id=344"},"modified":"2023-05-03T20:46:30","modified_gmt":"2023-05-03T20:46:30","slug":"politica-de-confidentialitate","status":"publish","type":"page","link":"https:\/\/digitaloxygen.ro\/en\/politica-de-confidentialitate\/","title":{"rendered":"Politica de confiden\u021bialitate"},"content":{"rendered":"<div data-elementor-type=\"wp-page\" data-elementor-id=\"344\" class=\"elementor elementor-344\" data-elementor-post-type=\"page\">\n\t\t\t\t\t\t<section class=\"elementor-section elementor-top-section elementor-element elementor-element-8c6f2b1 elementor-section-boxed elementor-section-height-default elementor-section-height-default\" data-id=\"8c6f2b1\" data-element_type=\"section\">\n\t\t\t\t\t\t<div class=\"elementor-container elementor-column-gap-default\">\n\t\t\t\t\t<div class=\"elementor-column elementor-col-100 elementor-top-column elementor-element elementor-element-d6b4aec\" data-id=\"d6b4aec\" data-element_type=\"column\">\n\t\t\t<div class=\"elementor-widget-wrap elementor-element-populated\">\n\t\t\t\t\t\t<div class=\"elementor-element elementor-element-66049ec de_scroll_animation_no elementor-widget elementor-widget-text-editor\" data-id=\"66049ec\" data-element_type=\"widget\" data-widget_type=\"text-editor.default\">\n\t\t\t\t<div class=\"elementor-widget-container\">\n\t\t\t\t\t\t\t\t\t<h5><strong>Politica de confiden\u021bialitate<\/strong><\/h5>\n<p><strong>&nbsp;<\/strong><\/p>\n<p><strong>&nbsp;<\/strong><\/p>\n<p><strong>&nbsp;<\/strong><\/p>\n<p><strong>Ultima revizuire:<\/strong> <strong>21.04.2023<\/strong><\/p>\n<p><strong>&nbsp;<\/strong><\/p>\n<p><strong>editorvideo.ro<\/strong> trateaz\u0103 cu seriozitate confiden\u021bialitatea datelor vizitatorilor s\u0103i. \u00cen acest scop, aceast\u0103 Politic\u0103 de confiden\u021bialitate (\u201ePolitica de confiden\u021bialitate\u201d, \u201eGDPR\u201d) descrie modul \u00een care (\u201c<strong>editorvideo.ro<\/strong>\u201d, \u201enoi\u201d, \u201eal nostru\u201d sau \u201enoi\u201d), colect\u0103m, folosim \u0219i distribuim informa\u021biile dumneavoastr\u0103 personale, precum \u0219i o explica\u021bie a drepturilor dumneavoastr\u0103 asupra datelor pe care le pute\u021bi avea \u00een acele \u201eInforma\u021bii personale\u201d. Aceast\u0103 politic\u0103 de confiden\u021bialitate se aplic\u0103 tuturor utilizatorilor no\u0219tri, inclusiv vizitatorilor ne\u00eenregistra\u021bi, utilizatorilor \u00eenregistra\u021bi \u0219i al\u021bi utilizatori (\u00een mod colectiv, \u201eUtilizatori\u201d, \u201e dumneavoastr\u0103\u201d sau \u201evoi\u201d) \u0219i tuturor serviciilor <strong>editorvideo.ro<\/strong>, inclusiv site-ul nostru(inclusiv oricare dintre subdomeniile lui) \u0219i sau servicii conexe (\u00een mod colectiv, \u201eserviciile\u201d).&nbsp;Aceast\u0103 politic\u0103 de confiden\u021bialitate nu are scopul de a anula termenii oric\u0103rui contract pe care \u00eel ave\u021bi cu noi \u0219i nici alte drepturi pe care le pute\u021bi avea \u00een temeiul altor legi aplicabile privind confiden\u021bialitatea datelor.<\/p>\n<p>\u00cenainte de a accesa sau utiliza serviciile noastre, v\u0103 rug\u0103m s\u0103 citi\u021bi aceast\u0103 politic\u0103 \u0219i s\u0103 v\u0103 asigura\u021bi c\u0103 \u00een\u021belege\u021bi pe deplin practicile noastre \u00een leg\u0103tur\u0103 cu informa\u021biile dumneavoastr\u0103 personale. Dac\u0103 citi\u021bi \u0219i \u00een\u021belege\u021bi pe deplin aceast\u0103 Politic\u0103 de confiden\u021bialitate \u0219i nu sunte\u021bi de acord cu practicile noastre, trebuie s\u0103 p\u0103r\u0103si\u021bi \u0219i s\u0103 \u00eentrerupe\u021bi imediat orice utilizare a oric\u0103ruia dintre serviciile noastre. Dac\u0103 ave\u021bi \u00eentreb\u0103ri sau nel\u0103muriri cu privire la aceast\u0103 politic\u0103, v\u0103 rug\u0103m s\u0103 ne contacta\u021bi la&nbsp;<strong>sergiujorda1@gmail.com.&nbsp;<br><\/strong><\/p>\n<p><\/p>\n<ol>\n<li><strong> Colectarea \u0219i utilizarea informa\u021biilor<\/strong><\/li>\n<\/ol>\n<p>Colect\u0103m mai multe tipuri diferite de informa\u021bii \u00een diverse scopuri pentru a v\u0103 oferi \u0219i \u00eembun\u0103t\u0103\u021bi serviciile noastre.<\/p>\n<p><strong>Tipuri de date colectate<\/strong><\/p>\n<p><strong>Date personale<\/strong><\/p>\n<p>\u00cen timpul utiliz\u0103rii serviciilor noastre, este posibil s\u0103 v\u0103 cerem s\u0103 ne furniza\u021bi anumite informa\u021bii de identificare personal\u0103 care pot fi folosite pentru a v\u0103 contacta sau a v\u0103 identifica (\u201eDate cu caracter personal\u201d).&nbsp;Informa\u021biile de identificare personal\u0103 pot include, dar nu se limiteaz\u0103 la:<\/p>\n<ul>\n<li>Adresa de e-mail<\/li>\n<li>Nume \u0219i prenume<\/li>\n<li>Num\u0103r de telefon<\/li>\n<li>Adresa, jude\u021b, cod po\u0219tal, ora\u0219 \u0219.a.<\/li>\n<li>Cookie-uri \u0219i date de utilizare<\/li>\n<\/ul>\n<p><strong>Date de utilizare<\/strong><\/p>\n<p>Printre altele, putem colecta informa\u021bii despre cum sunt accesate \u0219i utilizate serviciile noastre (\u201eDate de utilizare\u201d).&nbsp;Aceste date de utilizare pot include informa\u021bii precum adresa de protocol de Internet a computerului dumneavoastr\u0103 (n.r. adresa IP), tipul browserului, versiunea browserului, paginile serviciilor noastre pe care le vizita\u021bi, ora \u0219i data vizitei dumneavoastr\u0103, timpul petrecut pe acele pagini, ID-ul unic de identificare al dispozitivului dumneavoastr\u0103 \u0219i alte date de diagnosticare.<\/p>\n<p><strong>Date de urm\u0103rire \u0219i cookie-uri<\/strong><\/p>\n<p>Folosim cookie-uri \u0219i tehnologii de urm\u0103rire similare pentru a urm\u0103ri activitatea din serviciile noastre \u0219i pentru a p\u0103stra anumite informa\u021bii.&nbsp;<\/p>\n<p>Cookie-urile sunt fi\u0219iere cu o cantitate mic\u0103 de date care pot include un identificator unic anonim.&nbsp;Cookie-urile sunt trimise browserului dumneavoastr\u0103 de pe un site web \u0219i stocate pe dispozitivul dumneavoastr\u0103 av\u00e2nd scopuri diverse (ex: posibilitatea de a r\u0103m\u00e2ne autentificat pe un site f\u0103r\u0103 a reintroduce parola de fiecare dat\u0103, re\u021binerea preferin\u021belor personale, set\u0103ri alese de dumneavoastr\u0103 \u0219.a.).&nbsp;Tehnologiile de urm\u0103rire utilizate sunt, de asemenea, identificatoarele unice universale(\u201ebeacons\u201d), etichete \u0219i scripturi pentru a colecta \u0219i urm\u0103ri informa\u021bii \u0219i pentru a \u00eembun\u0103t\u0103\u021bi \u0219i analiza serviciile noastre.<\/p>\n<p>Pute\u021bi solicita browserului dumneavoastr\u0103 s\u0103 refuze toate cookie-urile sau s\u0103 indice c\u00e2nd este trimis un cookie.&nbsp;Cu toate acestea, dac\u0103 nu accepta\u021bi cookie-uri, este posibil s\u0103 nu pute\u021bi utiliza unele p\u0103r\u021bi ale serviciilor noastre.&nbsp;<\/p>\n<ol start=\"2\">\n<li><strong> Utilizarea datelor<\/strong><\/li>\n<\/ol>\n<p><strong>editorvideo.ro<\/strong> <strong>utilizeaz\u0103 datele colectate \u00een diverse scopuri:<\/strong><\/p>\n<p><strong>Pentru a furniza \u0219i \u00eentre\u021bine serviciile<\/strong><\/p>\n<ul>\n<li>Pentru a v\u0103 anun\u021ba cu privire la modific\u0103rile aduse serviciilor noastre<\/li>\n<li>Pentru a v\u0103 permite s\u0103 participa\u021bi la func\u021biile interactive ale serviciilor noastre atunci c\u00e2nd alege\u021bi s\u0103 face\u021bi acest lucru<\/li>\n<li>Pentru a oferi asisten\u021b\u0103 clien\u021bilor<\/li>\n<li>Pentru a furniza analize sau informa\u021bii valoroase, astfel \u00eenc\u00e2t s\u0103 putem \u00eembun\u0103t\u0103\u021bi serviciile<\/li>\n<li>Pentru a monitoriza utilizarea serviciilor<\/li>\n<li>Pentru a detecta, preveni \u0219i aborda probleme tehnice<\/li>\n<\/ul>\n<ol start=\"3\">\n<li><strong> Transfer<\/strong><strong>ul<\/strong><strong> de date<\/strong><\/li>\n<\/ol>\n<p>Informa\u021biile dumneavoastr\u0103, inclusiv Datele cu caracter personal, pot fi transferate \u0219i men\u021binute pe computere situate \u00een afara \u021b\u0103rii sau a altei jurisdic\u021bii guvernamentale \u00een care legile privind protec\u021bia datelor pot diferi de cele din jurisdic\u021bia dumneavoastr\u0103.<\/p>\n<p>Dac\u0103 v\u0103 afla\u021bi \u00een afara Uniunii Europene \u0219i alege\u021bi s\u0103 ne furniza\u021bi informa\u021bii, v\u0103 rug\u0103m s\u0103 re\u021bine\u021bi c\u0103 transfer\u0103m datele, inclusiv datele cu caracter personal, c\u0103tre Uniunea European\u0103 \u0219i le proces\u0103m acolo.<\/p>\n<p>Consim\u021b\u0103m\u00e2ntul dumneavoastr\u0103 cu privire la aceast\u0103 Politic\u0103 de confiden\u021bialitate, urmat de transmiterea de c\u0103tre dumneavoastr\u0103 a unor astfel de informa\u021bii, reprezint\u0103 acordul dumneavoastr\u0103 cu privire la acest transfer.<\/p>\n<p><strong>editorvideo.ro<\/strong> va lua toate m\u0103surile rezonabile necesare pentru a se asigura c\u0103 datele dumneavoastr\u0103 sunt stocate \u0219i utilizate \u00een siguran\u021b\u0103 \u0219i \u00een conformitate cu aceast\u0103 Politic\u0103 de confiden\u021bialitate \u0219i niciun transfer al datelor dumneavoastr\u0103 cu caracter personal nu va avea loc c\u0103tre o organiza\u021bie sau o \u021bar\u0103 dec\u00e2t dac\u0103 exist\u0103 verific\u0103ri adecvate, inclusiv asupra securitat\u0103\u021bii datelor dumneavoastr\u0103 date \u0219i alte informa\u021bii personale.<\/p>\n<ol start=\"4\">\n<li><strong> Dezv\u0103luirea datelor<\/strong><\/li>\n<\/ol>\n<p><strong>editorvideo.ro<\/strong> <strong>poate dezv\u0103lui datele dumneavoastr\u0103 cu caracter personal cu bun\u0103-credin\u021b\u0103 c\u0103 o astfel de ac\u021biune este necesar\u0103:<\/strong><\/p>\n<ul>\n<li>Pentru a respecta o obliga\u021bie legal\u0103<\/li>\n<li>Pentru a proteja \u0219i a ap\u0103ra drepturile sau proprietatea <strong>editorvideo.ro<\/strong><\/li>\n<li>Pentru a preveni sau a investiga posibile abateri \u00een leg\u0103tur\u0103 cu serviciile<\/li>\n<li>Pentru a proteja siguran\u021ba personal\u0103 a utilizatorilor serviciilor sau a publicului<\/li>\n<li>Pentru a se proteja \u00eempotriva r\u0103spunderii legale<\/li>\n<\/ul>\n<ol start=\"5\">\n<li><strong> Securitatea datelor<\/strong><\/li>\n<\/ol>\n<p>Securitatea datelor dumneavoastr\u0103 este important\u0103 pentru noi, dar re\u021bine\u021bi c\u0103 nicio metod\u0103 de transmitere prin Internet sau nicio metod\u0103 de stocare electronic\u0103 nu este 100% sigur\u0103.&nbsp;De\u0219i ne str\u0103duim s\u0103 folosim cele mai bune mijloace de securitate din punct de vedere comercial pentru a v\u0103 proteja datele personale, nu putem garanta securitatea lor absolut\u0103.<\/p>\n<p><\/p>\n<ol start=\"6\">\n<li><strong> Furnizorii de servicii<\/strong><\/li>\n<\/ol>\n<p>Putem angaja companii \u0219i persoane ter\u021be pentru a ne facilita serviciile (\u201eFurnizorii de servicii\u201d, \u201eter\u021bi\u201d, \u201eparteneri\u201d), pentru a furniza serviciile \u00een numele nostru, pentru a presta servicii sau atribu\u021bii legate de servicii sau pentru a ne ajuta s\u0103 analiz\u0103m modul \u00een care sunt utilizate serviciile noastre.<\/p>\n<p>Ace\u0219ti ter\u021bi au acces la datele dumneavoastr\u0103 cu caracter personal numai pentru a \u00eendeplini aceste sarcini \u00een numele nostru \u0219i sunt obliga\u021bi s\u0103 nu le dezv\u0103luie sau s\u0103 le foloseasc\u0103 \u00een niciun alt scop.<\/p>\n<p><strong>Analytics<\/strong><\/p>\n<p>Putem folosi furnizori de servicii ter\u021bi pentru a monitoriza \u0219i analiza utilizarea serviciilor noastre.<\/p>\n<p><strong>Google Analytics<\/strong><\/p>\n<p>Google Analytics este un serviciu de analiz\u0103 web oferit de Google care urm\u0103re\u0219te \u0219i raporteaz\u0103 traficul site-ului web.&nbsp;Google folose\u0219te datele colectate pentru a urm\u0103ri \u0219i monitoriza utilizarea serviciilor noastre.&nbsp;Aceste date sunt partajate cu alte servicii Google.&nbsp;Google poate folosi datele colectate pentru a contextualiza \u0219i a personaliza reclamele propriei re\u021bele de publicitate.<\/p>\n<p>Pute\u021bi renun\u021ba la a v\u0103 pune activitatea pe serviciile la dispozi\u021bia Google Analytics instal\u00e2nd extensia Google Analytics opt-out browser add-on.&nbsp;Suplimentul \u00eempiedic\u0103 javascript-ul Google Analytics (ga.js, analytics.js \u0219i dc.js) s\u0103 partajeze informa\u021bii cu Google Analytics despre activitatea utilizatorilor.<\/p>\n<p>Pentru mai multe informa\u021bii despre practicile de confiden\u021bialitate ale Google, v\u0103 rug\u0103m s\u0103 vizita\u021bi pagina web privind confiden\u021bialitatea \u0219i condi\u021biile Google:&nbsp;<a href=\"https:\/\/policies.google.com\/privacy?hl=en\">https:\/\/policies.google.com\/privacy?hl=ro<\/a><\/p>\n<ol start=\"7\">\n<li><strong> Link-uri c\u0103tre alte site-uri web<\/strong><\/li>\n<\/ol>\n<p>Serviciile noastre pot con\u021bine link-uri c\u0103tre alte site-uri care nu sunt operate de noi.&nbsp;Dac\u0103 intra\u021bi pe un link al unei ter\u021be p\u0103r\u021bi, ve\u021bi fi direc\u021bionat c\u0103tre site-ul ter\u021bului respectiv.&nbsp;V\u0103 sf\u0103tuim insistent s\u0103 citi\u021bi Politica de confiden\u021bialitate a fiec\u0103rui site pe care \u00eel vizita\u021bi.<\/p>\n<p>Nu avem control asupra altor site-uri \u0219i nu ne asum\u0103m nicio responsabilitate pentru con\u021binutul, politicile de confiden\u021bialitate sau practicile oric\u0103ror site-uri sau servicii ter\u021be.<\/p>\n<p><\/p>\n<ol start=\"8\">\n<li><strong>Politica de confiden\u021bialitate pentru copii<\/strong><\/li>\n<\/ol>\n<p><strong>Serviciile noastre nu se adreseaz\u0103 nim\u0103nui <\/strong><strong>cu v\u00e2rsta sub<\/strong><strong> 18 ani (\u201eCopii\u201d).<\/strong><\/p>\n<p>Nu colect\u0103m cu bun\u0103 \u0219tiin\u021b\u0103 informa\u021bii de identificare personal\u0103 de la nimeni cu v\u00e2rsta mai mic\u0103 de 18 ani. Dac\u0103 sunte\u021bi p\u0103rinte sau tutore \u0219i \u0219ti\u021bi c\u0103 copiii dumneavoastr\u0103 ne-au furnizat date cu caracter personal, v\u0103 rug\u0103m s\u0103 ne contacta\u021bi.&nbsp;Dac\u0103 afl\u0103m c\u0103 am colectat date cu caracter personal de la copii f\u0103r\u0103 verificarea consim\u021b\u0103m\u00e2ntului p\u0103rin\u021bilor, lu\u0103m m\u0103suri pentru a elimina acele informa\u021bii de pe serverele noastre.<\/p>\n<p><\/p>\n<ol start=\"9\">\n<li><strong> Modific\u0103ri ale acestei politici de confiden\u021bialitate<\/strong><\/li>\n<\/ol>\n<p>Putem actualiza Politica noastr\u0103 de confiden\u021bialitate din c\u00e2nd \u00een c\u00e2nd.&nbsp;V\u0103 vom anun\u021ba cu privire la orice modificare prin publicarea noii Politici de confiden\u021bialitate pe aceast\u0103 pagin\u0103.<\/p>\n<p>Op\u021bional, v\u0103 vom anun\u021ba prin e-mail \u0219i\/sau alte c\u0103i de comunicare cu privire la serviciile noastre, \u00eenainte ca modificarea s\u0103 devin\u0103 efectiv\u0103 \u0219i, obligatoriu, vom actualiza \u201edata intr\u0103rii \u00een vigoare\u201d din partea de sus a acestei Politici de confiden\u021bialitate.<\/p>\n<p>Sunte\u021bi sf\u0103tuit s\u0103 verifica\u021bi periodic aceast\u0103 Politic\u0103 de confiden\u021bialitate pentru orice modific\u0103ri.&nbsp;Modific\u0103rile aduse acestei Politici de confiden\u021bialitate sunt efective atunci c\u00e2nd sunt postate pe aceast\u0103 pagin\u0103.<\/p>\n<p><\/p>\n<ol start=\"10\">\n<li><strong> Contact Us<\/strong><\/li>\n<\/ol>\n<p>Dac\u0103 ave\u021bi \u00eentreb\u0103ri despre aceast\u0103 politic\u0103 de confiden\u021bialitate, v\u0103 rug\u0103m s\u0103 ne contacta\u021bi:<\/p>\n<ul>\n<li>Prin e-mail: contact@editorvideo.ro<\/li>\n<li>La num\u0103rul de telefon: &nbsp;+40.775269669<\/li>\n<\/ul>\n<p>Aprobat de directorul executiv al <strong>editorvideo.ro <\/strong>la 21.04.2023.<\/p>\n<p><\/p>\t\t\t\t\t\t\t\t<\/div>\n\t\t\t\t<\/div>\n\t\t\t\t\t<\/div>\n\t\t<\/div>\n\t\t\t\t\t<\/div>\n\t\t<\/section>\n\t\t\t\t<\/div>","protected":false},"excerpt":{"rendered":"<p>Politica de confiden\u021bialitate &nbsp; &nbsp; &nbsp; Ultima revizuire: 21.04.2023 &nbsp; editorvideo.ro trateaz\u0103 cu seriozitate confiden\u021bialitatea datelor vizitatorilor s\u0103i. \u00cen acest scop, aceast\u0103 Politic\u0103 de confiden\u021bialitate (\u201ePolitica de confiden\u021bialitate\u201d, \u201eGDPR\u201d) descrie modul \u00een care (\u201ceditorvideo.ro\u201d, \u201enoi\u201d, \u201eal nostru\u201d sau \u201enoi\u201d), colect\u0103m, folosim \u0219i distribuim informa\u021biile dumneavoastr\u0103 personale, precum \u0219i o explica\u021bie a drepturilor dumneavoastr\u0103 asupra datelor [&hellip;]<\/p>","protected":false},"author":1,"featured_media":0,"parent":0,"menu_order":0,"comment_status":"closed","ping_status":"closed","template":"","meta":{"ocean_post_layout":"","ocean_both_sidebars_style":"","ocean_both_sidebars_content_width":0,"ocean_both_sidebars_sidebars_width":0,"ocean_sidebar":"","ocean_second_sidebar":"","ocean_disable_margins":"enable","ocean_add_body_class":"","ocean_shortcode_before_top_bar":"","ocean_shortcode_after_top_bar":"","ocean_shortcode_before_header":"","ocean_shortcode_after_header":"","ocean_has_shortcode":"","ocean_shortcode_after_title":"","ocean_shortcode_before_footer_widgets":"","ocean_shortcode_after_footer_widgets":"","ocean_shortcode_before_footer_bottom":"","ocean_shortcode_after_footer_bottom":"","ocean_display_top_bar":"default","ocean_display_header":"default","ocean_header_style":"","ocean_center_header_left_menu":"","ocean_custom_header_template":"","ocean_custom_logo":0,"ocean_custom_retina_logo":0,"ocean_custom_logo_max_width":0,"ocean_custom_logo_tablet_max_width":0,"ocean_custom_logo_mobile_max_width":0,"ocean_custom_logo_max_height":0,"ocean_custom_logo_tablet_max_height":0,"ocean_custom_logo_mobile_max_height":0,"ocean_header_custom_menu":"","ocean_menu_typo_font_family":"","ocean_menu_typo_font_subset":"","ocean_menu_typo_font_size":0,"ocean_menu_typo_font_size_tablet":0,"ocean_menu_typo_font_size_mobile":0,"ocean_menu_typo_font_size_unit":"px","ocean_menu_typo_font_weight":"","ocean_menu_typo_font_weight_tablet":"","ocean_menu_typo_font_weight_mobile":"","ocean_menu_typo_transform":"","ocean_menu_typo_transform_tablet":"","ocean_menu_typo_transform_mobile":"","ocean_menu_typo_line_height":0,"ocean_menu_typo_line_height_tablet":0,"ocean_menu_typo_line_height_mobile":0,"ocean_menu_typo_line_height_unit":"","ocean_menu_typo_spacing":0,"ocean_menu_typo_spacing_tablet":0,"ocean_menu_typo_spacing_mobile":0,"ocean_menu_typo_spacing_unit":"","ocean_menu_link_color":"","ocean_menu_link_color_hover":"","ocean_menu_link_color_active":"","ocean_menu_link_background":"","ocean_menu_link_hover_background":"","ocean_menu_link_active_background":"","ocean_menu_social_links_bg":"","ocean_menu_social_hover_links_bg":"","ocean_menu_social_links_color":"","ocean_menu_social_hover_links_color":"","ocean_disable_title":"default","ocean_disable_heading":"default","ocean_post_title":"","ocean_post_subheading":"","ocean_post_title_style":"","ocean_post_title_background_color":"","ocean_post_title_background":0,"ocean_post_title_bg_image_position":"","ocean_post_title_bg_image_attachment":"","ocean_post_title_bg_image_repeat":"","ocean_post_title_bg_image_size":"","ocean_post_title_height":0,"ocean_post_title_bg_overlay":0.5,"ocean_post_title_bg_overlay_color":"","ocean_disable_breadcrumbs":"default","ocean_breadcrumbs_color":"","ocean_breadcrumbs_separator_color":"","ocean_breadcrumbs_links_color":"","ocean_breadcrumbs_links_hover_color":"","ocean_display_footer_widgets":"default","ocean_display_footer_bottom":"default","ocean_custom_footer_template":"","_glsr_average":0,"_glsr_ranking":0,"_glsr_reviews":0,"footnotes":""},"class_list":["post-344","page","type-page","status-publish","hentry","entry"],"_links":{"self":[{"href":"https:\/\/digitaloxygen.ro\/en\/wp-json\/wp\/v2\/pages\/344","targetHints":{"allow":["GET"]}}],"collection":[{"href":"https:\/\/digitaloxygen.ro\/en\/wp-json\/wp\/v2\/pages"}],"about":[{"href":"https:\/\/digitaloxygen.ro\/en\/wp-json\/wp\/v2\/types\/page"}],"author":[{"embeddable":true,"href":"https:\/\/digitaloxygen.ro\/en\/wp-json\/wp\/v2\/users\/1"}],"replies":[{"embeddable":true,"href":"https:\/\/digitaloxygen.ro\/en\/wp-json\/wp\/v2\/comments?post=344"}],"version-history":[{"count":6,"href":"https:\/\/digitaloxygen.ro\/en\/wp-json\/wp\/v2\/pages\/344\/revisions"}],"predecessor-version":[{"id":468,"href":"https:\/\/digitaloxygen.ro\/en\/wp-json\/wp\/v2\/pages\/344\/revisions\/468"}],"wp:attachment":[{"href":"https:\/\/digitaloxygen.ro\/en\/wp-json\/wp\/v2\/media?parent=344"}],"curies":[{"name":"wp","href":"https:\/\/api.w.org\/{rel}","templated":true}]}}