{"id":186,"date":"2023-03-29T17:29:05","date_gmt":"2023-03-29T17:29:05","guid":{"rendered":"https:\/\/digitaloxygen.ro\/?page_id=186"},"modified":"2024-09-17T12:00:24","modified_gmt":"2024-09-17T12:00:24","slug":"editare-personalizata","status":"publish","type":"page","link":"https:\/\/digitaloxygen.ro\/en\/editare-personalizata\/","title":{"rendered":"Custom Editing"},"content":{"rendered":"<div data-elementor-type=\"wp-page\" data-elementor-id=\"186\" class=\"elementor elementor-186\" data-elementor-post-type=\"page\">\n\t\t\t\t\t\t<section class=\"elementor-section elementor-top-section elementor-element elementor-element-657e907a elementor-section-full_width elementor-section-height-default elementor-section-height-default elementor-invisible\" data-id=\"657e907a\" data-element_type=\"section\" data-settings=\"{&quot;animation&quot;:&quot;fadeIn&quot;}\">\n\t\t\t\t\t\t<div class=\"elementor-container elementor-column-gap-default\">\n\t\t\t\t\t<div class=\"elementor-column elementor-col-50 elementor-top-column elementor-element elementor-element-693e1d94\" data-id=\"693e1d94\" data-element_type=\"column\">\n\t\t\t<div class=\"elementor-widget-wrap elementor-element-populated\">\n\t\t\t\t\t\t<div class=\"elementor-element elementor-element-6416c4f0 de_scroll_animation_no elementor-invisible elementor-widget elementor-widget-qi_addons_for_elementor_animated_text\" data-id=\"6416c4f0\" data-element_type=\"widget\" data-settings=\"{&quot;_animation&quot;:&quot;fadeIn&quot;}\" data-widget_type=\"qi_addons_for_elementor_animated_text.default\">\n\t\t\t\t<div class=\"elementor-widget-container\">\n\t\t\t\t\t<div class=\"qodef-shortcode qodef-m  qodef-qi-animated-text qodef--animated-by-word  qodef-qi--has-appear qodef--appear-from-right\" >\n\t\t<h2 class=\"qodef-m-title\">\n\t\t<span class=\"qodef-e-word\">of services<\/span> <span class=\"qodef-e-word\">range<\/span> <span class=\"qodef-e-word\">editare<\/span> <span class=\"qodef-e-word\">personalizate<\/span>\t<\/h2>\n<\/div>\n\t\t\t\t<\/div>\n\t\t\t\t<\/div>\n\t\t\t\t<div class=\"elementor-element elementor-element-611e1461 de_scroll_animation_no elementor-invisible elementor-widget elementor-widget-text-editor\" data-id=\"611e1461\" data-element_type=\"widget\" data-settings=\"{&quot;_animation&quot;:&quot;fadeIn&quot;}\" data-widget_type=\"text-editor.default\">\n\t\t\t\t<div class=\"elementor-widget-container\">\n\t\t\t\t\t\t\t\t\t<p>La editorvideo.ro, fiecare proiect \u00een parte este special \u0219i \u00eel trat\u0103m ca atare.<br \/>De aceea, oferim servicii de editare video personalizate, adaptate la nevoile \u0219i viziunile tale specifice. Echipa noastr\u0103 de editori video va lucra cu tine la fiecare pas pentru a \u00een\u021belege exact ce \u00ee\u021bi dore\u0219ti, pentru a pune \u00een practic\u0103 \u0219i mai ales pentru a-\u021bi aduce povestea la via\u021b\u0103.<\/p>\t\t\t\t\t\t\t\t<\/div>\n\t\t\t\t<\/div>\n\t\t\t\t\t<\/div>\n\t\t<\/div>\n\t\t\t\t<div class=\"elementor-column elementor-col-50 elementor-top-column elementor-element elementor-element-7a31ff68\" data-id=\"7a31ff68\" data-element_type=\"column\">\n\t\t\t<div class=\"elementor-widget-wrap elementor-element-populated\">\n\t\t\t\t\t\t<div class=\"elementor-element elementor-element-2651e1a de_scroll_animation_no elementor-invisible elementor-widget elementor-widget-image\" data-id=\"2651e1a\" data-element_type=\"widget\" data-settings=\"{&quot;_animation&quot;:&quot;fadeIn&quot;}\" data-widget_type=\"image.default\">\n\t\t\t\t<div class=\"elementor-widget-container\">\n\t\t\t\t\t\t\t\t\t\t\t\t\t\t\t<img fetchpriority=\"high\" decoding=\"async\" width=\"2000\" height=\"1333\" src=\"https:\/\/digitaloxygen.ro\/wp-content\/uploads\/2023\/03\/filmmaker-editing-video-footage-2.jpg\" class=\"attachment-full size-full wp-image-196\" alt=\"Filmmaker editing video footage\" srcset=\"https:\/\/digitaloxygen.ro\/wp-content\/uploads\/2023\/03\/filmmaker-editing-video-footage-2.jpg 2000w, https:\/\/digitaloxygen.ro\/wp-content\/uploads\/2023\/03\/filmmaker-editing-video-footage-2-300x200.jpg 300w, https:\/\/digitaloxygen.ro\/wp-content\/uploads\/2023\/03\/filmmaker-editing-video-footage-2-1024x682.jpg 1024w, https:\/\/digitaloxygen.ro\/wp-content\/uploads\/2023\/03\/filmmaker-editing-video-footage-2-768x512.jpg 768w, https:\/\/digitaloxygen.ro\/wp-content\/uploads\/2023\/03\/filmmaker-editing-video-footage-2-1536x1024.jpg 1536w\" sizes=\"(max-width: 2000px) 100vw, 2000px\" \/>\t\t\t\t\t\t\t\t\t\t\t\t\t\t\t<\/div>\n\t\t\t\t<\/div>\n\t\t\t\t\t<\/div>\n\t\t<\/div>\n\t\t\t\t\t<\/div>\n\t\t<\/section>\n\t\t\t\t<section class=\"elementor-section elementor-top-section elementor-element elementor-element-d20d555 elementor-reverse-mobile elementor-section-boxed elementor-section-height-default elementor-section-height-default\" data-id=\"d20d555\" data-element_type=\"section\" data-settings=\"{&quot;background_background&quot;:&quot;classic&quot;}\">\n\t\t\t\t\t\t<div class=\"elementor-container elementor-column-gap-default\">\n\t\t\t\t\t<div class=\"elementor-column elementor-col-50 elementor-top-column elementor-element elementor-element-e014bdb\" data-id=\"e014bdb\" data-element_type=\"column\">\n\t\t\t<div class=\"elementor-widget-wrap elementor-element-populated\">\n\t\t\t\t\t\t<div class=\"elementor-element elementor-element-5be6f2d de_scroll_scale_distance_1.1 elementor-widget elementor-widget-image\" data-id=\"5be6f2d\" data-element_type=\"widget\" data-widget_type=\"image.default\">\n\t\t\t\t<div class=\"elementor-widget-container\">\n\t\t\t\t\t\t\t\t\t\t\t\t\t\t\t<img decoding=\"async\" width=\"1125\" height=\"2000\" src=\"https:\/\/digitaloxygen.ro\/wp-content\/uploads\/2023\/03\/videographer-working-remotely-editing-video-footage.jpg\" class=\"attachment-full size-full wp-image-197\" alt=\"Videographer working remotely editing video footage\" srcset=\"https:\/\/digitaloxygen.ro\/wp-content\/uploads\/2023\/03\/videographer-working-remotely-editing-video-footage.jpg 1125w, https:\/\/digitaloxygen.ro\/wp-content\/uploads\/2023\/03\/videographer-working-remotely-editing-video-footage-169x300.jpg 169w, https:\/\/digitaloxygen.ro\/wp-content\/uploads\/2023\/03\/videographer-working-remotely-editing-video-footage-576x1024.jpg 576w, https:\/\/digitaloxygen.ro\/wp-content\/uploads\/2023\/03\/videographer-working-remotely-editing-video-footage-768x1365.jpg 768w, https:\/\/digitaloxygen.ro\/wp-content\/uploads\/2023\/03\/videographer-working-remotely-editing-video-footage-864x1536.jpg 864w\" sizes=\"(max-width: 1125px) 100vw, 1125px\" \/>\t\t\t\t\t\t\t\t\t\t\t\t\t\t\t<\/div>\n\t\t\t\t<\/div>\n\t\t\t\t\t<\/div>\n\t\t<\/div>\n\t\t\t\t<div class=\"elementor-column elementor-col-50 elementor-top-column elementor-element elementor-element-1f90db4\" data-id=\"1f90db4\" data-element_type=\"column\">\n\t\t\t<div class=\"elementor-widget-wrap elementor-element-populated\">\n\t\t\t\t\t\t<div class=\"elementor-element elementor-element-be3633f de_scroll_animation_no elementor-widget elementor-widget-qi_addons_for_elementor_animated_text\" data-id=\"be3633f\" data-element_type=\"widget\" data-widget_type=\"qi_addons_for_elementor_animated_text.default\">\n\t\t\t\t<div class=\"elementor-widget-container\">\n\t\t\t\t\t<div class=\"qodef-shortcode qodef-m  qodef-qi-animated-text qodef--animated-by-word  qodef-qi--has-appear qodef--appear-from-right\" >\n\t\t<h2 class=\"qodef-m-title\">\n\t\t<span class=\"qodef-e-word\">expertiza<\/span> <span class=\"qodef-e-word\">necesar\u0103<\/span>\t<\/h2>\n<\/div>\n\t\t\t\t<\/div>\n\t\t\t\t<\/div>\n\t\t\t\t<div class=\"elementor-element elementor-element-63655f8 de_scroll_animation_no elementor-invisible elementor-widget elementor-widget-text-editor\" data-id=\"63655f8\" data-element_type=\"widget\" data-settings=\"{&quot;_animation&quot;:&quot;fadeIn&quot;}\" data-widget_type=\"text-editor.default\">\n\t\t\t\t<div class=\"elementor-widget-container\">\n\t\t\t\t\t\t\t\t\t<p><span style=\"font-weight: 400;\">De la corec\u021bia culorilor la designul de sunet, de la efecte speciale la anima\u021bie, serviciile noastre de editare video personalizate sunt concepute pentru a-\u021bi satisface toate nevoile. Fie c\u0103 iti doresti un video promo\u021bional, un video corporate, un video muzical sau un proiect personal, noi te putem ajuta.<\/span><\/p><p><span style=\"font-weight: 400;\">Lasa-ne s\u0103 te ajut\u0103m si haide s\u0103 d\u0103m via\u021b\u0103 impreuna viziunii tale. Contacteaz\u0103-ne ast\u0103zi pentru a afl\u0103 mai multe!<\/span><\/p>\t\t\t\t\t\t\t\t<\/div>\n\t\t\t\t<\/div>\n\t\t\t\t\t<\/div>\n\t\t<\/div>\n\t\t\t\t\t<\/div>\n\t\t<\/section>\n\t\t\t\t<section class=\"elementor-section elementor-top-section elementor-element elementor-element-678da5c elementor-section-boxed elementor-section-height-default elementor-section-height-default\" data-id=\"678da5c\" data-element_type=\"section\" data-settings=\"{&quot;background_background&quot;:&quot;classic&quot;}\">\n\t\t\t\t\t\t<div class=\"elementor-container elementor-column-gap-default\">\n\t\t\t\t\t<div class=\"elementor-column elementor-col-50 elementor-top-column elementor-element elementor-element-07f3ae7\" data-id=\"07f3ae7\" data-element_type=\"column\">\n\t\t\t<div class=\"elementor-widget-wrap elementor-element-populated\">\n\t\t\t\t\t\t<div class=\"elementor-element elementor-element-ed87ddc elementor-button-align-stretch de_scroll_animation_no elementor-widget elementor-widget-form\" data-id=\"ed87ddc\" data-element_type=\"widget\" data-settings=\"{&quot;step_next_label&quot;:&quot;Next&quot;,&quot;step_previous_label&quot;:&quot;Previous&quot;,&quot;button_width&quot;:&quot;100&quot;,&quot;step_type&quot;:&quot;number_text&quot;,&quot;step_icon_shape&quot;:&quot;circle&quot;}\" data-widget_type=\"form.default\">\n\t\t\t\t<div class=\"elementor-widget-container\">\n\t\t\t\t\t\t\t<form class=\"elementor-form\" method=\"post\" name=\"New Form\" action=\"\">\n\t\t\t<input type=\"hidden\" name=\"post_id\" value=\"186\"\/>\n\t\t\t<input type=\"hidden\" name=\"form_id\" value=\"ed87ddc\"\/>\n\t\t\t<input type=\"hidden\" name=\"referer_title\" value=\"\" \/>\n\n\t\t\t\n\t\t\t<div class=\"elementor-form-fields-wrapper elementor-labels-\">\n\t\t\t\t\t\t\t\t<div class=\"elementor-field-type-text elementor-field-group elementor-column elementor-field-group-name elementor-col-50 elementor-field-required\">\n\t\t\t\t\t\t\t\t\t\t\t\t<label for=\"form-field-name\" class=\"elementor-field-label elementor-screen-only\">\n\t\t\t\t\t\t\t\tName\t\t\t\t\t\t\t<\/label>\n\t\t\t\t\t\t\t\t\t\t\t\t\t\t<input size=\"1\" type=\"text\" name=\"form_fields[name]\" id=\"form-field-name\" class=\"elementor-field elementor-size-sm  elementor-field-textual\" placeholder=\"First Name\" required=\"required\" aria-required=\"true\">\n\t\t\t\t\t\t\t\t\t\t\t<\/div>\n\t\t\t\t\t\t\t\t<div class=\"elementor-field-type-text elementor-field-group elementor-column elementor-field-group-field_de64865 elementor-col-50 elementor-field-required\">\n\t\t\t\t\t\t\t\t\t\t\t\t<label for=\"form-field-field_de64865\" class=\"elementor-field-label elementor-screen-only\">\n\t\t\t\t\t\t\t\tName\t\t\t\t\t\t\t<\/label>\n\t\t\t\t\t\t\t\t\t\t\t\t\t\t<input size=\"1\" type=\"text\" name=\"form_fields[field_de64865]\" id=\"form-field-field_de64865\" class=\"elementor-field elementor-size-sm  elementor-field-textual\" placeholder=\"Last Name\" required=\"required\" aria-required=\"true\">\n\t\t\t\t\t\t\t\t\t\t\t<\/div>\n\t\t\t\t\t\t\t\t<div class=\"elementor-field-type-email elementor-field-group elementor-column elementor-field-group-email elementor-col-50 elementor-field-required\">\n\t\t\t\t\t\t\t\t\t\t\t\t<label for=\"form-field-email\" class=\"elementor-field-label elementor-screen-only\">\n\t\t\t\t\t\t\t\tEmail\t\t\t\t\t\t\t<\/label>\n\t\t\t\t\t\t\t\t\t\t\t\t\t\t<input size=\"1\" type=\"email\" name=\"form_fields[email]\" id=\"form-field-email\" class=\"elementor-field elementor-size-sm  elementor-field-textual\" placeholder=\"Email\" required=\"required\" aria-required=\"true\">\n\t\t\t\t\t\t\t\t\t\t\t<\/div>\n\t\t\t\t\t\t\t\t<div class=\"elementor-field-type-tel elementor-field-group elementor-column elementor-field-group-field_27870f5 elementor-col-50 elementor-field-required\">\n\t\t\t\t\t\t\t\t\t\t\t\t<label for=\"form-field-field_27870f5\" class=\"elementor-field-label elementor-screen-only\">\n\t\t\t\t\t\t\t\tEmail\t\t\t\t\t\t\t<\/label>\n\t\t\t\t\t\t\t\t<input size=\"1\" type=\"tel\" name=\"form_fields[field_27870f5]\" id=\"form-field-field_27870f5\" class=\"elementor-field elementor-size-sm  elementor-field-textual\" placeholder=\"Numar de telefon\" required=\"required\" aria-required=\"true\" pattern=\"[0-9()#&amp;+*-=.]+\" title=\"Only numbers and phone characters (#, -, *, etc) are accepted.\">\n\n\t\t\t\t\t\t<\/div>\n\t\t\t\t\t\t\t\t<div class=\"elementor-field-type-textarea elementor-field-group elementor-column elementor-field-group-field_707aff1 elementor-col-100\">\n\t\t\t\t\t\t\t\t\t\t\t\t<label for=\"form-field-field_707aff1\" class=\"elementor-field-label elementor-screen-only\">\n\t\t\t\t\t\t\t\tMessage\t\t\t\t\t\t\t<\/label>\n\t\t\t\t\t\t<textarea class=\"elementor-field-textual elementor-field  elementor-size-sm\" name=\"form_fields[field_707aff1]\" id=\"form-field-field_707aff1\" rows=\"3\" placeholder=\"Write as many details as possible about how you would like us to edit your video.\"><\/textarea>\t\t\t\t<\/div>\n\t\t\t\t\t\t\t\t<div class=\"elementor-field-type-radio elementor-field-group elementor-column elementor-field-group-field_ee2ecc6 elementor-col-100\">\n\t\t\t\t\t<div class=\"elementor-field-subgroup\"><span class=\"elementor-field-option\"><input type=\"radio\" value=\"Trimite\u021bi-mi actualiz\u0103ri cu privire la comanda mea, nout\u0103\u021bi \u0219i alte oferte prin e-mail \u0219i WhatsApp.\" id=\"form-field-field_ee2ecc6-0\" name=\"form_fields[field_ee2ecc6]\"> <label for=\"form-field-field_ee2ecc6-0\">Send me updates about my order, news and other offers via email and WhatsApp.<\/label><\/span><\/div>\t\t\t\t<\/div>\n\t\t\t\t\t\t\t\t<div class=\"elementor-field-type-recaptcha elementor-field-group elementor-column elementor-field-group-field_d886a95 elementor-col-100\">\n\t\t\t\t\t<div class=\"elementor-field\" id=\"form-field-field_d886a95\"><div class=\"elementor-g-recaptcha\" data-sitekey=\"6Lef4mEqAAAAAMWNx6qz5U82iwbLf4qQbGDj5M4p\" data-type=\"v2_checkbox\" data-theme=\"light\" data-size=\"normal\"><\/div><\/div>\t\t\t\t<\/div>\n\t\t\t\t\t\t\t\t<div class=\"elementor-field-group elementor-column elementor-field-type-submit elementor-col-100 e-form__buttons\">\n\t\t\t\t\t<button type=\"submit\" class=\"elementor-button elementor-size-sm\">\n\t\t\t\t\t\t<span >\n\t\t\t\t\t\t\t\t\t\t\t\t\t\t\t<span class=\"elementor-button-icon\">\n\t\t\t\t\t\t\t\t\t\t\t\t\t\t\t\t\t\t\t\t\t\t\t\t\t\t<\/span>\n\t\t\t\t\t\t\t\t\t\t\t\t\t\t\t\t\t\t\t\t\t\t<span class=\"elementor-button-text\">Send<\/span>\n\t\t\t\t\t\t\t\t\t\t\t\t\t<\/span>\n\t\t\t\t\t<\/button>\n\t\t\t\t<\/div>\n\t\t\t<\/div>\n\t\t<input type=\"hidden\" name=\"trp-form-language\" value=\"en\"\/><\/form>\n\t\t\t\t\t\t<\/div>\n\t\t\t\t<\/div>\n\t\t\t\t\t<\/div>\n\t\t<\/div>\n\t\t\t\t<div class=\"elementor-column elementor-col-50 elementor-top-column elementor-element elementor-element-652f614\" data-id=\"652f614\" data-element_type=\"column\">\n\t\t\t<div class=\"elementor-widget-wrap elementor-element-populated\">\n\t\t\t\t\t\t<div class=\"elementor-element elementor-element-5864feb de_scroll_scale_distance_1.1 elementor-widget elementor-widget-image\" data-id=\"5864feb\" data-element_type=\"widget\" data-widget_type=\"image.default\">\n\t\t\t\t<div class=\"elementor-widget-container\">\n\t\t\t\t\t\t\t\t\t\t\t\t\t\t\t<img decoding=\"async\" width=\"1333\" height=\"2000\" src=\"https:\/\/digitaloxygen.ro\/wp-content\/uploads\/2023\/03\/graphic-video-production-working-on-pc-with-two-displays-editing-video.jpg\" class=\"attachment-full size-full wp-image-198\" alt=\"Graphic video production working on pc with two displays editing video\" srcset=\"https:\/\/digitaloxygen.ro\/wp-content\/uploads\/2023\/03\/graphic-video-production-working-on-pc-with-two-displays-editing-video.jpg 1333w, https:\/\/digitaloxygen.ro\/wp-content\/uploads\/2023\/03\/graphic-video-production-working-on-pc-with-two-displays-editing-video-200x300.jpg 200w, https:\/\/digitaloxygen.ro\/wp-content\/uploads\/2023\/03\/graphic-video-production-working-on-pc-with-two-displays-editing-video-682x1024.jpg 682w, https:\/\/digitaloxygen.ro\/wp-content\/uploads\/2023\/03\/graphic-video-production-working-on-pc-with-two-displays-editing-video-768x1152.jpg 768w, https:\/\/digitaloxygen.ro\/wp-content\/uploads\/2023\/03\/graphic-video-production-working-on-pc-with-two-displays-editing-video-1024x1536.jpg 1024w\" sizes=\"(max-width: 1333px) 100vw, 1333px\" \/>\t\t\t\t\t\t\t\t\t\t\t\t\t\t\t<\/div>\n\t\t\t\t<\/div>\n\t\t\t\t\t<\/div>\n\t\t<\/div>\n\t\t\t\t\t<\/div>\n\t\t<\/section>\n\t\t\t\t<\/div>","protected":false},"excerpt":{"rendered":"<p>servicii de editare personalizate La editorvideo.ro, fiecare proiect \u00een parte este special \u0219i \u00eel trat\u0103m ca atare. De aceea, oferim servicii de editare video personalizate, adaptate la nevoile \u0219i viziunile tale specifice. Echipa noastr\u0103 de editori video va lucra cu tine la fiecare pas pentru a \u00een\u021belege exact ce \u00ee\u021bi dore\u0219ti, pentru a pune \u00een [&hellip;]<\/p>","protected":false},"author":1,"featured_media":0,"parent":0,"menu_order":0,"comment_status":"closed","ping_status":"closed","template":"elementor_header_footer","meta":{"ocean_post_layout":"","ocean_both_sidebars_style":"","ocean_both_sidebars_content_width":0,"ocean_both_sidebars_sidebars_width":0,"ocean_sidebar":"0","ocean_second_sidebar":"0","ocean_disable_margins":"enable","ocean_add_body_class":"","ocean_shortcode_before_top_bar":"","ocean_shortcode_after_top_bar":"","ocean_shortcode_before_header":"","ocean_shortcode_after_header":"","ocean_has_shortcode":"","ocean_shortcode_after_title":"","ocean_shortcode_before_footer_widgets":"","ocean_shortcode_after_footer_widgets":"","ocean_shortcode_before_footer_bottom":"","ocean_shortcode_after_footer_bottom":"","ocean_display_top_bar":"default","ocean_display_header":"default","ocean_header_style":"","ocean_center_header_left_menu":"0","ocean_custom_header_template":"0","ocean_custom_logo":0,"ocean_custom_retina_logo":0,"ocean_custom_logo_max_width":0,"ocean_custom_logo_tablet_max_width":0,"ocean_custom_logo_mobile_max_width":0,"ocean_custom_logo_max_height":0,"ocean_custom_logo_tablet_max_height":0,"ocean_custom_logo_mobile_max_height":0,"ocean_header_custom_menu":"0","ocean_menu_typo_font_family":"0","ocean_menu_typo_font_subset":"","ocean_menu_typo_font_size":0,"ocean_menu_typo_font_size_tablet":0,"ocean_menu_typo_font_size_mobile":0,"ocean_menu_typo_font_size_unit":"px","ocean_menu_typo_font_weight":"","ocean_menu_typo_font_weight_tablet":"","ocean_menu_typo_font_weight_mobile":"","ocean_menu_typo_transform":"","ocean_menu_typo_transform_tablet":"","ocean_menu_typo_transform_mobile":"","ocean_menu_typo_line_height":0,"ocean_menu_typo_line_height_tablet":0,"ocean_menu_typo_line_height_mobile":0,"ocean_menu_typo_line_height_unit":"","ocean_menu_typo_spacing":0,"ocean_menu_typo_spacing_tablet":0,"ocean_menu_typo_spacing_mobile":0,"ocean_menu_typo_spacing_unit":"","ocean_menu_link_color":"","ocean_menu_link_color_hover":"","ocean_menu_link_color_active":"","ocean_menu_link_background":"","ocean_menu_link_hover_background":"","ocean_menu_link_active_background":"","ocean_menu_social_links_bg":"","ocean_menu_social_hover_links_bg":"","ocean_menu_social_links_color":"","ocean_menu_social_hover_links_color":"","ocean_disable_title":"default","ocean_disable_heading":"default","ocean_post_title":"","ocean_post_subheading":"","ocean_post_title_style":"","ocean_post_title_background_color":"","ocean_post_title_background":0,"ocean_post_title_bg_image_position":"","ocean_post_title_bg_image_attachment":"","ocean_post_title_bg_image_repeat":"","ocean_post_title_bg_image_size":"","ocean_post_title_height":0,"ocean_post_title_bg_overlay":0.5,"ocean_post_title_bg_overlay_color":"","ocean_disable_breadcrumbs":"default","ocean_breadcrumbs_color":"","ocean_breadcrumbs_separator_color":"","ocean_breadcrumbs_links_color":"","ocean_breadcrumbs_links_hover_color":"","ocean_display_footer_widgets":"default","ocean_display_footer_bottom":"default","ocean_custom_footer_template":"0","_glsr_average":0,"_glsr_ranking":0,"_glsr_reviews":0,"footnotes":""},"class_list":["post-186","page","type-page","status-publish","hentry","entry"],"_links":{"self":[{"href":"https:\/\/digitaloxygen.ro\/en\/wp-json\/wp\/v2\/pages\/186","targetHints":{"allow":["GET"]}}],"collection":[{"href":"https:\/\/digitaloxygen.ro\/en\/wp-json\/wp\/v2\/pages"}],"about":[{"href":"https:\/\/digitaloxygen.ro\/en\/wp-json\/wp\/v2\/types\/page"}],"author":[{"embeddable":true,"href":"https:\/\/digitaloxygen.ro\/en\/wp-json\/wp\/v2\/users\/1"}],"replies":[{"embeddable":true,"href":"https:\/\/digitaloxygen.ro\/en\/wp-json\/wp\/v2\/comments?post=186"}],"version-history":[{"count":35,"href":"https:\/\/digitaloxygen.ro\/en\/wp-json\/wp\/v2\/pages\/186\/revisions"}],"predecessor-version":[{"id":1132,"href":"https:\/\/digitaloxygen.ro\/en\/wp-json\/wp\/v2\/pages\/186\/revisions\/1132"}],"wp:attachment":[{"href":"https:\/\/digitaloxygen.ro\/en\/wp-json\/wp\/v2\/media?parent=186"}],"curies":[{"name":"wp","href":"https:\/\/api.w.org\/{rel}","templated":true}]}}